{"id":9,"date":"2014-02-18T13:12:15","date_gmt":"2014-02-18T13:12:15","guid":{"rendered":"http:\/\/albartist.com\/?page_id=9"},"modified":"2014-05-20T13:22:10","modified_gmt":"2014-05-20T13:22:10","slug":"rreth","status":"publish","type":"page","link":"https:\/\/albartist.com\/sq\/rreth\/","title":{"rendered":"Rreth meje"},"content":{"rendered":"<p><!--:sq-->GENTI BEJKO ka lindur m\u00eb 01 \/ 02 \/ 1980 n\u00eb qytetin dikur Art\u00ebdash\u00ebs t\u00eb FIERit, sigurisht q\u00eb n\u00eb Shqip\u00ebri.<\/p>\n<p>Profesioni I tij \u00ebsht\u00eb Regjisor por I p\u00eblqen q\u00eb kur I jepet mund\u00ebsia t\u00eb ushtroj\u00eb edhe at\u00eb t\u00eb aktrimit , nj\u00eb pasion I pandar\u00eb nga regjia.<\/p>\n<p><strong>Si filloi&#8230;<\/strong><\/p>\n<p>Pas shum\u00eb p\u00ebrpjekjesh me grupet artistike t\u00eb gjimnazit \u201cJanaq Kilica\u201d n\u00eb Fier (&#8220;Drejt nj\u00eb bote t\u00eb lir\u00eb&#8221; spektak\u00ebl,1996. &#8220;Infamia&#8221; performanc\u00eb,) dhe shum\u00eb m\u00eb pas pasi kuptoi q\u00eb q\u00ebllimi I tij nuk ishte t\u00eb vazhdonte Akademin\u00eb e Rendit, por at\u00eb t\u00eb arteve, fiton t\u00eb drejt\u00ebn e studimit m\u00eb 1998 , fiton t\u00eb drejt\u00ebn e studimit n\u00eb AKADEMIN\u00cb e ARTEVE, Tiran\u00eb, Dega Regjisur\u00eb. T\u00eb cil\u00ebn e p\u00ebrfundon me sukses m\u00eb 2002.<\/p>\n<p><strong>Nder punet e tij si regjisor &#8230;<\/strong><\/p>\n<p>Gjat\u00eb periudh\u00ebs studentore jasht\u00eb kuadrit akademik disa nga pun\u00ebt jan\u00eb &#8220;Rinfolk&#8221;,nj\u00eb koncert me motive folklorike (2000), dhe nj\u00eb serial p\u00ebrgjat\u00eb tre vjet\u00ebsh ,&#8221;Rinfest&#8221; spektak\u00ebl p\u00ebr nxjerrjen n\u00eb pah t\u00eb talenteve t\u00eb reja , (2000 \u2013 2001- 2002 ).<\/p>\n<p>Nd\u00ebrsa n\u00eb kuadrin akademik dramatizon dhe inskenon nj\u00eb pjes\u00eb me nj\u00eb akt &#8211; &#8220;Tre ur\u00ebt&#8221; s\u00ebbashku me E.Papuciun m\u00eb 1999. E cila do t\u00eb pasohej nga &#8211; &#8220;\u00cbndrra e nj\u00eb nate vere&#8221; (ABC-ja e Uilliam Shekspir) me linj\u00ebn e t\u00eb dashuruarve 2000<\/p>\n<p>Nj\u00eb sukses t\u00eb vecant\u00eb q\u00eb do ta conte p\u00ebrtej suksesit akademik ishte &#8220;N\u00eb pritje t\u00eb Uliksit&#8221; (nj\u00eb pjes\u00eb e bazuar tek Euripidi, dramatizuar dhe v\u00ebn\u00eb n\u00eb sken\u00eb m\u00eb, 2001) \u2013 nj\u00eb eksperienc\u00eb e bukur. Me k\u00ebt\u00eb shfaqje Akademia e arteve p\u00ebrfaq\u00ebsohet n\u00eb Festivalin e Shkollave Dramatike \u201cART N\u00cbN TRI HARQE\u201d n\u00eb Tiran\u00eb si edhe shfaqja e saj n\u00eb burgun e Vaqarit do ta benin kete shfaqje nje eksperiencete vecante si per regjine ashtu edhe per trupen e aktoreve.<\/p>\n<p>&#8220;Herkuli&#8221; ishte nj\u00eb komedi e bazuar n\u00eb Antikitet, e dramatizuar dhe inskenuar m\u00eb 2002. Pas 13 vjet\u00ebsh (q\u00eb nga 1989) n\u00eb Akademin\u00eb e Arteve vihej nj\u00eb pun\u00eb e pavarur studentore. Nj\u00eb sukses I menj\u00ebhersh\u00ebm.<\/p>\n<p>Nj\u00eb komedi q\u00eb risillet s\u00ebrish m\u00eb 2003 p\u00ebr p\u00ebrfaq\u00ebsuar Shqip\u00ebrin\u00eb edhe n\u00eb Festivalin \u201cBUTRINTI 2000\u201d<\/p>\n<p>&#8220;L&#8217;ecole delle pere&#8221; (Shkolla e baballar\u00ebve nj\u00eb pjes\u00eb nga Jean Anoi), m\u00eb, 2001. Nj\u00eb eksperienc\u00eb m\u00eb vehte me Student\u00ebt e Fakultetit t\u00eb gjuh\u00ebs Fr\u00ebnge,\u00eborkshop mbi boten e teatrit dhe menyren e punimit menje tekst dramatik.<\/p>\n<p>Nd\u00ebrsa n\u00eb Tetor t\u00eb 2003 fiton konkursin e shpallur nga Teatri Komb\u00ebtar p\u00ebr projektet e t\u00eb rinjve me \u201c Togerin e Inishmorit\u201d nj\u00eb komedi e zez\u00eb nga Martin mc Donagh. Duke thyer k\u00ebshtu edhe rekordin si regjisori me mosh\u00ebn m\u00eb t\u00eb re q\u00eb ngjitet n\u00eb sken\u00ebn e Teatrit Komb\u00ebtar Shqipetar\u2026 vetem 23 vjec.<\/p>\n<p>N\u00eb qershor 2004, fiton Konkursin p\u00ebr Projektet e Reja shpallur nga Ministria e Kultur\u00ebs, Rinis\u00eb dhe Sporteve, me projektin teatror \u201c Nj\u00eb Jet\u00eb n\u00eb Teat\u00ebr \u201d, nj\u00eb vep\u00ebr e dramaturgut t\u00eb mirnjohur amerikan David Mamet, midis 5 projektesh te tjera. M\u00eb tetor 2004, ky spektak\u00ebl teatror shfaqet n\u00eb sall\u00ebn Black Box t\u00eb Akademis\u00eb s\u00eb Arteve, me vler\u00ebsimet m\u00eb t\u00eb mira nga kritika teatrore, si dhe p\u00ebr frym\u00ebn e re dhe stilin e ri interpretativ . Aktori kryesor Alfred Trebicka n\u00eb rolin e Robertit fiton cmimin Aktori m\u00eb i Mir\u00eb.<\/p>\n<p>Tashm\u00eb n\u00eb prill 2005, s\u00ebbashku me nj\u00eb grup aktor\u00ebsh nd\u00ebrmerr nj\u00eb iniciativ\u00eb private p\u00ebr t\u00eb nd\u00ebrtuar nj\u00eb spektak\u00ebl teatror t\u00eb bazuar mbi tragjedin\u00eb \u201cHamleti\u201d , nj\u00eb variacon I loj\u00ebs aktoreske n\u00ebp\u00ebrmjet linj\u00ebs s\u00eb mjeshtrave t\u00eb \u201c\u00cbndrr\u00ebs S\u00eb Nj\u00eb Nate Vere\u201d t\u00eb Uilliam Shekspir. Premiera e s\u00eb cil\u00ebs u shfaq n\u00eb Teatrin Komb\u00ebtar n\u00eb 1 dhe 2 Qershor, 2005.<\/p>\n<p>Dhe n\u00eb 15 Korrik 2006 zhvilloi nj\u00eb turne n\u00ebrp\u00ebr qytetet kryesore t\u00eb Shqip\u00ebris\u00eb p\u00ebr t&#8217;u finalizuar n\u00eb Tiran\u00eb n\u00eb Akademin\u00eb e Arteve. Cikli i k\u00ebsaj shfaqe nuk \u00ebsht\u00eb mbyllur akoma p\u00ebr t&#8217;u rikthyer p\u00ebr\u00ebri n\u00eb Janar 2007.<\/p>\n<p><strong>Ndersa si asistent\/ regjisor :<\/strong><\/p>\n<p>&#8220;\u00cbndrra e nj\u00eb nate vere&#8221; nga Uilliam Shakespear, me regji t\u00eb Altin Bash\u00ebs, m\u00eb, 2001, ishte eksperienca e par\u00eb si asistent.<\/p>\n<p>Nd\u00ebrsa tek &#8220;Dashuri n\u00eb furgon &#8220;t\u00eb krijuar dhe inskenuar nga Altin Basha &amp; Gazmend Gjoka, m\u00eb 2002, provon regjin\u00eb teknike.<\/p>\n<p>Nd\u00ebrkoh\u00eb q\u00eb n\u00eb Film nj\u00eb eksperienc\u00eb tep\u00ebr e madhe ishte n\u00eb produksionin kinematografik italo-shqiptar &#8221; Letrat e Er\u00ebs&#8221; me skenar &amp; regji t\u00eb Edmond Budin\u00ebs m\u00eb 2001, n\u00eb t\u00eb cil\u00ebn punon edhe si As\\Casting.<\/p>\n<p><strong>Persa i perket kapitullit tetij si aktor&#8230;<\/strong><\/p>\n<p>E shohim p\u00ebr her\u00eb t\u00eb par\u00eb jasht\u00eb kuadrit akademik tek &#8220;K\u00ebsulkuqja&#8221; nj\u00eb komedi nga M. Kutali, m\u00eb 1999, me t\u00eb cil\u00ebn marrin pjes\u00eb n\u00eb Festivalin Ballkanik t\u00eb Shkollave Dramatike, n\u00eb Selanik, Dhjetor 1999.<\/p>\n<p>E m\u00eb pas Abelin tek &#8221; Year 2 Kulos(Y2K)&#8221; komedi nga Giobbe Covatta me regji t\u00eb R. Zall\u00ebs,G.Hazizit &amp; G.Izetit. m\u00eb 1999<\/p>\n<p>Brenda kuadrit akademik interpreton Kozmain &#8220;Tre ur\u00ebt&#8221; komedi nga G.Bejko &amp; E.Papuciu 1999.<\/p>\n<p>Zenelin, tek &#8220;Pas Vdekjes&#8221; komedi nga A.Z.Cajupi 1999. P\u00ebr t\u2019u pasuar nga Jebe (&#8220;The pray&#8221; dram\u00eb nga Fernando Arrabal 2000). Lomov (&#8220;Propozimi&#8221; komedi nga A.P. Cehov 2000) Kremilin (&#8220;Plutus&#8221;, komedi nga Aristofani, 2000)<\/p>\n<p>Ajaksi tek (&#8221; N\u00eb Pritje t\u00eb Uliksit&#8221; komedi) 2001. Fyellin (&#8220;\u00cbndrra e nj\u00eb nate vere&#8221; nga Uilliam Shekspir) 2001.<\/p>\n<p>Paratov (&#8220;Vajza Pa Prik\u00eb&#8221; drama nga E.Ostrovskij) 2001.<\/p>\n<p>Sirano &#8220;Sirano De Berzherak&#8221; Komedi heroike nga E. Rostand 2002.<\/p>\n<p>Dhe Doktor Astrov &#8220;Xhaxha Vanja&#8221; dram\u00eb nga A.P.Cehov 2002.e cilaeshte edhe njenga dramat etij me te preferuara.<\/p>\n<p>Nd\u00ebrsa eksperienca t\u00eb tjera jan\u00eb n\u00eb Radio ,Alketi &#8220;Rruga me Pisha&#8221; nj\u00eb radionovel\u00eb, prodhim i BBC &amp; Radio Tiran\u00ebs , 2000-01<\/p>\n<p>P\u00ebrsa i p\u00ebrket eksperienc\u00ebs n\u00eb kinema , interpreton Benin tek &#8221; Nat\u00eb pa H\u00ebn\u00eb&#8221; me skenar &amp; regji t\u00eb Artan Minarollit. Prodhim Franko-Shqip\u00ebtar.<\/p>\n<p>Thanasin tek \u201cLet\u00ebr nga Moreja\u201d nj\u00eb film nga Ylli Pepo, Prodhim I Televizionit shtet\u00ebror t\u00eb Shkupit.<\/p>\n<p>Dhe Rikun ne telefilmin \u201cSemafor\u201d meregji te Edmond Topit &amp; Besnik Bishes.<\/p>\n<p>Por nuk ka munguar dhe pjesemarrja e tij n\u00eb festivale dhe trainime e ballafaqime t\u00eb ndryshme nd\u00ebr t\u00eb cilat: Drama School Fest&#8221;99 n\u00eb Selanik, Greqi<\/p>\n<p>ArteNativa 1999 Tiran\u00eb, Shqip\u00ebri, Art n\u00ebn tre harqe 2001, Tiran\u00eb, Shqip\u00ebri, Butrinti 2000, (edicioni I par\u00eb) Butrint, Shqip\u00ebri, Fest des Junes a Pau, 2000 Po, Franc\u00eb, MoveGrooveMix 2002 Topusko, Kroaci, Pjesmarr\u00ebs gjithashtu n\u00eb shum\u00eb trainime p\u00ebr aktrimin dhe regjin\u00eb mefigura te njohura te teatrit the filmit europian etj.<\/p>\n<p>Antar i Open Society Project-Europian Cultural Foundation<\/p>\n<p>Dhe Quebec Drama Federation.<\/p>\n<p><strong>Themelues i Kompanise teatrore AnimAproduksion.<\/strong><\/p>\n<p>P\u00ebrsa i p\u00ebrket eksperiencave n\u00eb fush\u00ebn mediatike, ka punuar n\u00eb TV Klan si regjisor ne departamentin e Informacionit. E me pas si aktor n\u00eb Spektaklin televiziv \u201c Portokalli\u201d, nj\u00eb Produksion I Top Channel Television. Bashk\u00ebkrijues i treshes simpatike \u201cSHBLSH\u201d. Nje treshe me nje frym\u00eb tep\u00ebr te vecant\u00eb n\u00eb m\u00ebnyr\u00ebn e p\u00ebrcjelljes s\u00eb humorit n\u00ebp\u00ebrmjet situat\u00ebs, groteskut, miteve historike dhe fenomeneve sociale. Gjithmon t\u00eb ndrysh\u00ebm por jan\u00eb po te njejtet. Tashm\u00eb me nj\u00eb imazh t\u00eb ti, at\u00eb t\u00eb &#8220;V\u00ebllez\u00ebrve Grim&#8221; e cila \u00ebsht\u00eb nj\u00eb dyshe q\u00eb p\u00ebrcjell nj\u00eb humor fin n\u00ebp\u00ebrmjet batut\u00ebs s\u00eb mencur dhe muzik\u00ebs.<\/p>\n<p>Pasioni I tij per pikturen nuk ngelet pas.nje dhunti e cila e ka zanafillen ne femijerine e tij. Pervec pictures nuk fshihet dhe terheqja karshi kameres dhe eksplorimit te imazhit viziv.<\/p>\n<p>Me pak fjal\u00eb kjo \u00ebsht\u00eb veprimtaria e deritanishme e regjisorit t\u00eb ri dhe me perspektiv\u00eb, Genti Bejko.<\/p>\n<p><!--:--><\/p>\n","protected":false},"excerpt":{"rendered":"<p>GENTI BEJKO ka lindur m\u00eb 01 \/ 02 \/ 1980 n\u00eb qytetin dikur Art\u00ebdash\u00ebs t\u00eb FIERit, sigurisht q\u00eb n\u00eb Shqip\u00ebri. Profesioni I tij \u00ebsht\u00eb Regjisor por I p\u00eblqen q\u00eb kur I jepet mund\u00ebsia t\u00eb ushtroj\u00eb edhe at\u00eb t\u00eb aktrimit , nj\u00eb pasion I pandar\u00eb nga regjia. Si filloi&#8230; Pas shum\u00eb p\u00ebrpjekjesh me grupet artistike t\u00eb [&hellip;]<\/p>\n","protected":false},"author":1,"featured_media":0,"parent":0,"menu_order":0,"comment_status":"open","ping_status":"closed","template":"","meta":{"_seopress_robots_primary_cat":"","_seopress_titles_title":"","_seopress_titles_desc":"","_seopress_robots_index":"","footnotes":""},"class_list":["post-9","page","type-page","status-publish","hentry","post-wrapper","thrv_wrapper"],"_links":{"self":[{"href":"https:\/\/albartist.com\/sq\/wp-json\/wp\/v2\/pages\/9","targetHints":{"allow":["GET"]}}],"collection":[{"href":"https:\/\/albartist.com\/sq\/wp-json\/wp\/v2\/pages"}],"about":[{"href":"https:\/\/albartist.com\/sq\/wp-json\/wp\/v2\/types\/page"}],"author":[{"embeddable":true,"href":"https:\/\/albartist.com\/sq\/wp-json\/wp\/v2\/users\/1"}],"replies":[{"embeddable":true,"href":"https:\/\/albartist.com\/sq\/wp-json\/wp\/v2\/comments?post=9"}],"version-history":[{"count":0,"href":"https:\/\/albartist.com\/sq\/wp-json\/wp\/v2\/pages\/9\/revisions"}],"wp:attachment":[{"href":"https:\/\/albartist.com\/sq\/wp-json\/wp\/v2\/media?parent=9"}],"curies":[{"name":"wp","href":"https:\/\/api.w.org\/{rel}","templated":true}]}}