{"id":195,"date":"2015-06-14T19:08:37","date_gmt":"2015-06-14T19:08:37","guid":{"rendered":"http:\/\/albartist.com\/donalds-affair-2\/"},"modified":"2015-06-14T19:08:37","modified_gmt":"2015-06-14T19:08:37","slug":"donalds-affair","status":"publish","type":"page","link":"https:\/\/albartist.com\/sq\/donalds-affair\/","title":{"rendered":"DONALD&#8217;S AFFAIR"},"content":{"rendered":"<p>&nbsp;<\/p>\n<p>a <em><strong>TH\u00c9\u00c2TROSPH\u00c8RE<\/strong><\/em> production<\/p>\n<p>He was only looking for some\u2026 inspiration. So he wandered around, looking about. This time he needed something special. He saw her, sat next to her. And then, all of a sudden\u2026<\/p>\n<p><em>Written and Directed by<\/em> Paolo De Paola<\/p>\n<p><em>with:<\/em>\u00a0Jo Joffre,Catherine De Luca, Todd McMahon, Farah Ateb, Alexandra Valassis, Genti Bejko<\/p>\n<p><em>Assistant of Directing:<\/em> Franco Montesano<\/p>\n<p><iframe loading=\"lazy\" title=\"DONALD\u2019S AFFAIR - Official trailer\" width=\"500\" height=\"281\" src=\"https:\/\/www.youtube.com\/embed\/QU55qbkZCPE?feature=oembed\" frameborder=\"0\" allow=\"accelerometer; autoplay; clipboard-write; encrypted-media; gyroscope; picture-in-picture; web-share\" referrerpolicy=\"strict-origin-when-cross-origin\" allowfullscreen><\/iframe><\/p>\n<p><strong>FRINGE FESTIVAL<\/strong>, Montreal, 2015<\/p>\n<p>twitter: <strong><em>@donaldsaffair<\/em><\/strong><\/p>\n<p><em>For Info and Ticket Reservation<\/em><\/p>\n<p><em>Box Office:<\/em> <strong>514-849-FEST<\/strong><\/p>\n<p>&nbsp;<\/p>\n","protected":false},"excerpt":{"rendered":"<p>&nbsp; a TH\u00c9\u00c2TROSPH\u00c8RE production He was only looking for some\u2026 inspiration. So he wandered around, looking about. This time he needed something special. He saw her, sat next to her. And then, all of a sudden\u2026 Written and Directed by Paolo De Paola with:\u00a0Jo Joffre,Catherine De Luca, Todd McMahon, Farah Ateb, Alexandra Valassis, Genti Bejko [&hellip;]<\/p>\n","protected":false},"author":2,"featured_media":0,"parent":0,"menu_order":0,"comment_status":"open","ping_status":"closed","template":"","meta":{"_seopress_robots_primary_cat":"","_seopress_titles_title":"DONALD'S AFFAIR","_seopress_titles_desc":"","_seopress_robots_index":"","_seopress_analysis_target_kw":"@donaldsaffair,Written and Directed by Paolo De Paola with: Jo Joffre,Catherine De Luca, Todd McMahon, Farah Ateb, Alexandra Valassis, Genti Bejko Assistant of Directing: Franco Montesano","footnotes":"","tve_updated_post":"","tve_custom_css":"","tve_user_custom_css":"","tve_globals":{},"tcb2_ready":0,"tcb_editor_enabled":0,"tve_landing_page":"","_tve_header":"","_tve_footer":""},"class_list":["post-195","page","type-page","status-publish","hentry","post-wrapper","thrv_wrapper"],"_links":{"self":[{"href":"https:\/\/albartist.com\/sq\/wp-json\/wp\/v2\/pages\/195","targetHints":{"allow":["GET"]}}],"collection":[{"href":"https:\/\/albartist.com\/sq\/wp-json\/wp\/v2\/pages"}],"about":[{"href":"https:\/\/albartist.com\/sq\/wp-json\/wp\/v2\/types\/page"}],"author":[{"embeddable":true,"href":"https:\/\/albartist.com\/sq\/wp-json\/wp\/v2\/users\/2"}],"replies":[{"embeddable":true,"href":"https:\/\/albartist.com\/sq\/wp-json\/wp\/v2\/comments?post=195"}],"version-history":[{"count":0,"href":"https:\/\/albartist.com\/sq\/wp-json\/wp\/v2\/pages\/195\/revisions"}],"wp:attachment":[{"href":"https:\/\/albartist.com\/sq\/wp-json\/wp\/v2\/media?parent=195"}],"curies":[{"name":"wp","href":"https:\/\/api.w.org\/{rel}","templated":true}]}}